{"id":21433,"date":"2023-05-12T11:13:50","date_gmt":"2023-05-12T11:13:50","guid":{"rendered":"https:\/\/lafelicidadsenutre.com\/?page_id=21433"},"modified":"2023-05-12T11:15:17","modified_gmt":"2023-05-12T11:15:17","slug":"cita-solicitada","status":"publish","type":"page","link":"https:\/\/lafelicidadsenutre.com\/en\/cita-solicitada\/","title":{"rendered":"Cita solicitada"},"content":{"rendered":"<h2 class=\"wp-block-heading\">Cita solicitada correctamente<\/h2>\n<p>Tu cita se ha reservado correctamente. Recibir\u00e1s una confirmaci\u00f3n en tu direcci\u00f3n de correo.<\/p>\n<div class=\"wp-block-buttons is-layout-flex\"><\/div>\n<div class=\"wp-block-buttons is-layout-flex\">\n<div class=\"wp-block-button\"><a class=\"wp-block-button__link wp-element-button\" href=\"\/en\/\">Volver<\/a><\/div>\n<\/div>","protected":false},"excerpt":{"rendered":"<p>Cita solicitada correctamente Tu cita se ha reservado correctamente. Recibir\u00e1s una confirmaci\u00f3n en tu direcci\u00f3n&hellip;<\/p>","protected":false},"author":1,"featured_media":0,"parent":0,"menu_order":0,"comment_status":"closed","ping_status":"closed","template":"","meta":[],"yoast_head":"<!-- This site is optimized with the Yoast SEO plugin v20.5 - https:\/\/yoast.com\/wordpress\/plugins\/seo\/ -->\n<title>Cita solicitada - La felicidad se nutre<\/title>\n<meta name=\"robots\" content=\"index, follow, max-snippet:-1, max-image-preview:large, max-video-preview:-1\" \/>\n<link rel=\"canonical\" href=\"https:\/\/lafelicidadsenutre.com\/en\/cita-solicitada\/\" \/>\n<meta property=\"og:locale\" content=\"en_US\" \/>\n<meta property=\"og:type\" content=\"article\" \/>\n<meta property=\"og:title\" content=\"Cita solicitada - La felicidad se nutre\" \/>\n<meta property=\"og:description\" content=\"Cita solicitada correctamente Tu cita se ha reservado correctamente. Recibir\u00e1s una confirmaci\u00f3n en tu direcci\u00f3n&hellip;\" \/>\n<meta property=\"og:url\" content=\"https:\/\/lafelicidadsenutre.com\/en\/cita-solicitada\/\" \/>\n<meta property=\"og:site_name\" content=\"La felicidad se nutre\" \/>\n<meta property=\"article:modified_time\" content=\"2023-05-12T11:15:17+00:00\" \/>\n<meta property=\"og:image\" content=\"https:\/\/lafelicidadsenutre.com\/wp-content\/uploads\/2023\/03\/2022-02-10.png\" \/>\n\t<meta property=\"og:image:width\" content=\"1080\" \/>\n\t<meta property=\"og:image:height\" content=\"608\" \/>\n\t<meta property=\"og:image:type\" content=\"image\/png\" \/>\n<meta name=\"twitter:card\" content=\"summary_large_image\" \/>\n<meta name=\"twitter:label1\" content=\"Est. reading time\" \/>\n\t<meta name=\"twitter:data1\" content=\"1 minute\" \/>\n<script type=\"application\/ld+json\" class=\"yoast-schema-graph\">{\"@context\":\"https:\/\/schema.org\",\"@graph\":[{\"@type\":\"WebPage\",\"@id\":\"https:\/\/lafelicidadsenutre.com\/cita-solicitada\/\",\"url\":\"https:\/\/lafelicidadsenutre.com\/cita-solicitada\/\",\"name\":\"Cita solicitada - La felicidad se nutre\",\"isPartOf\":{\"@id\":\"https:\/\/lafelicidadsenutre.com\/#website\"},\"datePublished\":\"2023-05-12T11:13:50+00:00\",\"dateModified\":\"2023-05-12T11:15:17+00:00\",\"breadcrumb\":{\"@id\":\"https:\/\/lafelicidadsenutre.com\/cita-solicitada\/#breadcrumb\"},\"inLanguage\":\"en-US\",\"potentialAction\":[{\"@type\":\"ReadAction\",\"target\":[\"https:\/\/lafelicidadsenutre.com\/cita-solicitada\/\"]}]},{\"@type\":\"BreadcrumbList\",\"@id\":\"https:\/\/lafelicidadsenutre.com\/cita-solicitada\/#breadcrumb\",\"itemListElement\":[{\"@type\":\"ListItem\",\"position\":1,\"name\":\"Portada\",\"item\":\"https:\/\/lafelicidadsenutre.com\/\"},{\"@type\":\"ListItem\",\"position\":2,\"name\":\"Cita solicitada\"}]},{\"@type\":\"WebSite\",\"@id\":\"https:\/\/lafelicidadsenutre.com\/#website\",\"url\":\"https:\/\/lafelicidadsenutre.com\/\",\"name\":\"La felicidad se nutre\",\"description\":\"Asesoramiento nutricional infantil y para la mujer en Las Palmas de Gran Canaria\",\"publisher\":{\"@id\":\"https:\/\/lafelicidadsenutre.com\/#\/schema\/person\/23d73167d997687c101c0fce2b673ff7\"},\"alternateName\":\"Marga Rodr\u00edguez Dietista\",\"potentialAction\":[{\"@type\":\"SearchAction\",\"target\":{\"@type\":\"EntryPoint\",\"urlTemplate\":\"https:\/\/lafelicidadsenutre.com\/?s={search_term_string}\"},\"query-input\":\"required name=search_term_string\"}],\"inLanguage\":\"en-US\"},{\"@type\":[\"Person\",\"Organization\"],\"@id\":\"https:\/\/lafelicidadsenutre.com\/#\/schema\/person\/23d73167d997687c101c0fce2b673ff7\",\"name\":\"Marga Rodr\u00edguez Dietista\",\"image\":{\"@type\":\"ImageObject\",\"inLanguage\":\"en-US\",\"@id\":\"https:\/\/lafelicidadsenutre.com\/#\/schema\/person\/image\/\",\"url\":\"https:\/\/lafelicidadsenutre.com\/wp-content\/uploads\/2023\/04\/logo_transparente_bis.png\",\"contentUrl\":\"https:\/\/lafelicidadsenutre.com\/wp-content\/uploads\/2023\/04\/logo_transparente_bis.png\",\"width\":304,\"height\":365,\"caption\":\"Marga Rodr\u00edguez Dietista\"},\"logo\":{\"@id\":\"https:\/\/lafelicidadsenutre.com\/#\/schema\/person\/image\/\"},\"description\":\"Nutricionista \ud83e\udd57 #Dietista sin dietas \ud83c\udf49 H\u00e1bitos saludables para todxs\",\"sameAs\":[\"https:\/\/lafelicidadsenutre.com\"]}]}<\/script>\n<!-- \/ Yoast SEO plugin. -->","yoast_head_json":{"title":"Cita solicitada - La felicidad se nutre","robots":{"index":"index","follow":"follow","max-snippet":"max-snippet:-1","max-image-preview":"max-image-preview:large","max-video-preview":"max-video-preview:-1"},"canonical":"https:\/\/lafelicidadsenutre.com\/en\/cita-solicitada\/","og_locale":"en_US","og_type":"article","og_title":"Cita solicitada - La felicidad se nutre","og_description":"Cita solicitada correctamente Tu cita se ha reservado correctamente. Recibir\u00e1s una confirmaci\u00f3n en tu direcci\u00f3n&hellip;","og_url":"https:\/\/lafelicidadsenutre.com\/en\/cita-solicitada\/","og_site_name":"La felicidad se nutre","article_modified_time":"2023-05-12T11:15:17+00:00","og_image":[{"width":1080,"height":608,"url":"https:\/\/lafelicidadsenutre.com\/wp-content\/uploads\/2023\/03\/2022-02-10.png","type":"image\/png"}],"twitter_card":"summary_large_image","twitter_misc":{"Est. reading time":"1 minute"},"schema":{"@context":"https:\/\/schema.org","@graph":[{"@type":"WebPage","@id":"https:\/\/lafelicidadsenutre.com\/cita-solicitada\/","url":"https:\/\/lafelicidadsenutre.com\/cita-solicitada\/","name":"Cita solicitada - La felicidad se nutre","isPartOf":{"@id":"https:\/\/lafelicidadsenutre.com\/#website"},"datePublished":"2023-05-12T11:13:50+00:00","dateModified":"2023-05-12T11:15:17+00:00","breadcrumb":{"@id":"https:\/\/lafelicidadsenutre.com\/cita-solicitada\/#breadcrumb"},"inLanguage":"en-US","potentialAction":[{"@type":"ReadAction","target":["https:\/\/lafelicidadsenutre.com\/cita-solicitada\/"]}]},{"@type":"BreadcrumbList","@id":"https:\/\/lafelicidadsenutre.com\/cita-solicitada\/#breadcrumb","itemListElement":[{"@type":"ListItem","position":1,"name":"Portada","item":"https:\/\/lafelicidadsenutre.com\/"},{"@type":"ListItem","position":2,"name":"Cita solicitada"}]},{"@type":"WebSite","@id":"https:\/\/lafelicidadsenutre.com\/#website","url":"https:\/\/lafelicidadsenutre.com\/","name":"La felicidad se nutre","description":"Asesoramiento nutricional infantil y para la mujer en Las Palmas de Gran Canaria","publisher":{"@id":"https:\/\/lafelicidadsenutre.com\/#\/schema\/person\/23d73167d997687c101c0fce2b673ff7"},"alternateName":"Marga Rodr\u00edguez Dietista","potentialAction":[{"@type":"SearchAction","target":{"@type":"EntryPoint","urlTemplate":"https:\/\/lafelicidadsenutre.com\/?s={search_term_string}"},"query-input":"required name=search_term_string"}],"inLanguage":"en-US"},{"@type":["Person","Organization"],"@id":"https:\/\/lafelicidadsenutre.com\/#\/schema\/person\/23d73167d997687c101c0fce2b673ff7","name":"Marga Rodr\u00edguez Dietista","image":{"@type":"ImageObject","inLanguage":"en-US","@id":"https:\/\/lafelicidadsenutre.com\/#\/schema\/person\/image\/","url":"https:\/\/lafelicidadsenutre.com\/wp-content\/uploads\/2023\/04\/logo_transparente_bis.png","contentUrl":"https:\/\/lafelicidadsenutre.com\/wp-content\/uploads\/2023\/04\/logo_transparente_bis.png","width":304,"height":365,"caption":"Marga Rodr\u00edguez Dietista"},"logo":{"@id":"https:\/\/lafelicidadsenutre.com\/#\/schema\/person\/image\/"},"description":"Nutricionista \ud83e\udd57 #Dietista sin dietas \ud83c\udf49 H\u00e1bitos saludables para todxs","sameAs":["https:\/\/lafelicidadsenutre.com"]}]}},"_links":{"self":[{"href":"https:\/\/lafelicidadsenutre.com\/en\/wp-json\/wp\/v2\/pages\/21433"}],"collection":[{"href":"https:\/\/lafelicidadsenutre.com\/en\/wp-json\/wp\/v2\/pages"}],"about":[{"href":"https:\/\/lafelicidadsenutre.com\/en\/wp-json\/wp\/v2\/types\/page"}],"author":[{"embeddable":true,"href":"https:\/\/lafelicidadsenutre.com\/en\/wp-json\/wp\/v2\/users\/1"}],"replies":[{"embeddable":true,"href":"https:\/\/lafelicidadsenutre.com\/en\/wp-json\/wp\/v2\/comments?post=21433"}],"version-history":[{"count":2,"href":"https:\/\/lafelicidadsenutre.com\/en\/wp-json\/wp\/v2\/pages\/21433\/revisions"}],"predecessor-version":[{"id":21435,"href":"https:\/\/lafelicidadsenutre.com\/en\/wp-json\/wp\/v2\/pages\/21433\/revisions\/21435"}],"wp:attachment":[{"href":"https:\/\/lafelicidadsenutre.com\/en\/wp-json\/wp\/v2\/media?parent=21433"}],"curies":[{"name":"wp","href":"https:\/\/api.w.org\/{rel}","templated":true}]}}